{"id":2,"date":"2025-03-25T15:06:31","date_gmt":"2025-03-25T15:06:31","guid":{"rendered":"http:\/\/tehnologicpro.com\/portico\/?page_id=2"},"modified":"2025-03-25T15:10:34","modified_gmt":"2025-03-25T15:10:34","slug":"sample-page","status":"publish","type":"page","link":"http:\/\/tehnologicpro.com\/portico\/?page_id=2","title":{"rendered":"Portico sport"},"content":{"rendered":"\n<p>Na\u0161a firma ponosno zastupa Portico Sport, globalnog lidera u proizvodnji padel terena visokog kvaliteta. Sa stra\u0161\u0107u prema sportu i posve\u0107eno\u0161\u0107u kvalitetu, pru\u017eamo kompletnu uslugu \u2013 od projektovanja i instalacije do odr\u017eavanja padel terena koji zadovoljavaju najvi\u0161e svetske standarde.<\/p>\n\n\n\n<p>Bilo da ste sportski centar, hotel, klub ili entuzijasta koji \u017eeli privatni teren, ovde ste na pravom mestu. Na\u0161 cilj je da zajedno doprinesemo popularizaciji ovog dinami\u010dnog sporta i omogu\u0107imo igra\u010dima svih nivoa nezaboravno iskustvo.<\/p>\n\n\n\n<p class=\"is-style-default\">Saznajte vi\u0161e o na\u0161oj ponudi i kontaktirajte nas za sve informacije!<\/p>\n\n\n\n<figure class=\"wp-block-image size-large is-style-default\"><img loading=\"lazy\" decoding=\"async\" width=\"1536\" height=\"864\" src=\"http:\/\/tehnologicpro.com\/portico\/wp-content\/uploads\/2025\/03\/club-court-2-edited.jpg\" alt=\"\" class=\"wp-image-9\" srcset=\"http:\/\/tehnologicpro.com\/portico\/wp-content\/uploads\/2025\/03\/club-court-2-edited.jpg 1536w, http:\/\/tehnologicpro.com\/portico\/wp-content\/uploads\/2025\/03\/club-court-2-edited-300x169.jpg 300w, http:\/\/tehnologicpro.com\/portico\/wp-content\/uploads\/2025\/03\/club-court-2-edited-1024x576.jpg 1024w, http:\/\/tehnologicpro.com\/portico\/wp-content\/uploads\/2025\/03\/club-court-2-edited-768x432.jpg 768w\" sizes=\"auto, (max-width: 1536px) 100vw, 1536px\" \/><\/figure>\n\n\n\n<p><\/p>\n\n\n\n<p><\/p>\n\n\n\n<p><\/p>\n","protected":false},"excerpt":{"rendered":"<p>Na\u0161a firma ponosno zastupa Portico Sport, globalnog lidera u proizvodnji padel terena visokog kvaliteta. Sa stra\u0161\u0107u prema sportu i posve\u0107eno\u0161\u0107u kvalitetu, pru\u017eamo kompletnu uslugu \u2013 od projektovanja i instalacije do odr\u017eavanja padel terena koji zadovoljavaju najvi\u0161e svetske standarde. Bilo da ste sportski centar, hotel, klub ili entuzijasta koji \u017eeli privatni teren, ovde ste na pravom [&hellip;]<\/p>\n","protected":false},"author":1,"featured_media":0,"parent":0,"menu_order":0,"comment_status":"closed","ping_status":"open","template":"","meta":{"footnotes":""},"class_list":["post-2","page","type-page","status-publish","hentry"],"_links":{"self":[{"href":"http:\/\/tehnologicpro.com\/portico\/index.php?rest_route=\/wp\/v2\/pages\/2","targetHints":{"allow":["GET"]}}],"collection":[{"href":"http:\/\/tehnologicpro.com\/portico\/index.php?rest_route=\/wp\/v2\/pages"}],"about":[{"href":"http:\/\/tehnologicpro.com\/portico\/index.php?rest_route=\/wp\/v2\/types\/page"}],"author":[{"embeddable":true,"href":"http:\/\/tehnologicpro.com\/portico\/index.php?rest_route=\/wp\/v2\/users\/1"}],"replies":[{"embeddable":true,"href":"http:\/\/tehnologicpro.com\/portico\/index.php?rest_route=%2Fwp%2Fv2%2Fcomments&post=2"}],"version-history":[{"count":3,"href":"http:\/\/tehnologicpro.com\/portico\/index.php?rest_route=\/wp\/v2\/pages\/2\/revisions"}],"predecessor-version":[{"id":11,"href":"http:\/\/tehnologicpro.com\/portico\/index.php?rest_route=\/wp\/v2\/pages\/2\/revisions\/11"}],"wp:attachment":[{"href":"http:\/\/tehnologicpro.com\/portico\/index.php?rest_route=%2Fwp%2Fv2%2Fmedia&parent=2"}],"curies":[{"name":"wp","href":"https:\/\/api.w.org\/{rel}","templated":true}]}}